{"id":6,"date":"2012-01-31T10:41:55","date_gmt":"2012-01-31T10:41:55","guid":{"rendered":"http:\/\/arte.umh.es\/?page_id=6"},"modified":"2023-04-27T08:56:19","modified_gmt":"2023-04-27T06:56:19","slug":"presentacion","status":"publish","type":"page","link":"https:\/\/arte.umh.es\/ca\/presentacion\/","title":{"rendered":"Presentaci\u00f3"},"content":{"rendered":"<p><\/p>\n<p><a href=\"https:\/\/arte.umh.es\/files\/2012\/01\/IMG_20781.jpg\"><img loading=\"lazy\" class=\"alignleft size-medium wp-image-8\" title=\"IMG_2078\" src=\"https:\/\/arte.umh.es\/files\/2012\/01\/IMG_20781-300x200.jpg\" alt=\"\" width=\"300\" height=\"200\" srcset=\"https:\/\/arte.umh.es\/files\/2012\/01\/IMG_20781-300x200.jpg 300w, https:\/\/arte.umh.es\/files\/2012\/01\/IMG_20781-1024x682.jpg 1024w\" sizes=\"(max-width: 300px) 100vw, 300px\" \/><\/a>El Departament d&#8217;Art est\u00e0 ubicat al Campus d&#8217;Altea de la UMH. Format per les \u00c0rees de coneixement de Pintura, Dibuix, Escultura, Hist\u00f2ria de l&#8217;Art i Est\u00e8tica ofereix als alumnes un aprenentatge basat en la multidisciplinarietat, hibridesa i mestissatge dels diferents llenguatges art\u00edstics i visuals. En l&#8217;actualitat estan integrats en el departament quatre grups de recerca que inclouen l&#8217;estudi del suport m\u00e9s enll\u00e0 de les t\u00e8cniques tradicionals; La investigaci\u00f3 de les relacions transdisciplinars entre art, cultura, tecnologia i educaci\u00f3; L&#8217;an\u00e0lisi i estat de les funcions de la imatge , i l&#8217;estudi de les relacions entre les categories generadores de les identitats socials amb les seues relacions estanques preestablertes aix\u00ed com la seua visi\u00f3 en la cultura visual.<\/p>\n<p>Aquest text ha sigut tradu\u00eft utilitzant un motor de traducci\u00f3 autom\u00e0tica.<\/p>\n<p><\/p>","protected":false},"excerpt":{"rendered":"<p>El Departament d&#8217;Art est\u00e0 ubicat al Campus d&#8217;Altea de la UMH. Format per les \u00c0rees de coneixement de Pintura, Dibuix, Escultura, Hist\u00f2ria de l&#8217;Art i Est\u00e8tica ofereix als alumnes un aprenentatge basat en la multidisciplinarietat, hibridesa i mestissatge dels diferents llenguatges art\u00edstics i visuals. En l&#8217;actualitat estan integrats en el departament quatre grups de recerca [&#8230;]<\/p>\n","protected":false},"author":474,"featured_media":0,"parent":0,"menu_order":10,"comment_status":"closed","ping_status":"open","template":"","meta":{"_links_to":"","_links_to_target":""},"_links":{"self":[{"href":"https:\/\/arte.umh.es\/ca\/wp-json\/wp\/v2\/pages\/6"}],"collection":[{"href":"https:\/\/arte.umh.es\/ca\/wp-json\/wp\/v2\/pages"}],"about":[{"href":"https:\/\/arte.umh.es\/ca\/wp-json\/wp\/v2\/types\/page"}],"author":[{"embeddable":true,"href":"https:\/\/arte.umh.es\/ca\/wp-json\/wp\/v2\/users\/474"}],"replies":[{"embeddable":true,"href":"https:\/\/arte.umh.es\/ca\/wp-json\/wp\/v2\/comments?post=6"}],"version-history":[{"count":0,"href":"https:\/\/arte.umh.es\/ca\/wp-json\/wp\/v2\/pages\/6\/revisions"}],"wp:attachment":[{"href":"https:\/\/arte.umh.es\/ca\/wp-json\/wp\/v2\/media?parent=6"}],"curies":[{"name":"wp","href":"https:\/\/api.w.org\/{rel}","templated":true}]}}